{"id":38,"date":"2016-06-05T06:01:19","date_gmt":"2016-06-05T06:01:19","guid":{"rendered":"https:\/\/gtes.traperia.com\/?page_id=38"},"modified":"2019-12-05T16:10:45","modified_gmt":"2019-12-05T16:10:45","slug":"utilidades-sf-6d","status":"publish","type":"page","link":"https:\/\/gtes.traperia.com\/en\/utilidades-sf-6d\/","title":{"rendered":"SF-6D Utilities"},"content":{"rendered":"<h3><strong>Tarifa Espa\u00f1ola para el SF-6D\/ SF-6D Spanish Tariff<\/strong><\/h3>\n<h4>Abell\u00e1n JM, S\u00e1nchez FI, Mart\u00ednez JE and M\u00e9ndez I(2012). Lowering the Floor of the SF-6D algorithm using a lottery equivalent method. Health Economics 21, 1271-1285 (Table 5. Mean model)<\/h4>\n<ul>\n<li><a href=\"https:\/\/gtes.traperia.com\/wp-content\/uploads\/2016\/06\/utilidades_SF6D_Tarifa_Espanola.xlsx\">Obtenci\u00f3n de utilidades desde las respuestas al SF-36 v 2.0 y\/o desde estados SF-6D\u00a0\u00a0<img loading=\"lazy\" decoding=\"async\" class=\"wp-image-41 alignnone\" src=\"https:\/\/gtes.traperia.com\/wp-content\/uploads\/2016\/06\/excel.jpg\" alt=\"Descargar en Formato Excel \/Download Excel Format\" width=\"13\" height=\"13\" \/><\/a><\/li>\n<li><a href=\"https:\/\/gtes.traperia.com\/wp-content\/uploads\/2016\/06\/utilities_for_SF6D_Spanish_Tariff.xlsx\">Deriving heatlh states utilites from SF-36 v2.0 responses and\/or SF-6D Health States\u00a0\u00a0<img loading=\"lazy\" decoding=\"async\" class=\"wp-image-41 alignnone\" src=\"https:\/\/gtes.traperia.com\/wp-content\/uploads\/2016\/06\/excel.jpg\" alt=\"Descargar en Formato Excel \/Download Excel Format\" width=\"12\" height=\"12\" \/><\/a><\/li>\n<li><a href=\"https:\/\/gtes.traperia.com\/wp-content\/uploads\/2016\/06\/sf6d_program.txt\">Deriving heatlh states utilites from SF-36 v2.0 responses and\/or SF-6D Health States\u00a0 \u00a0\u00a0<img loading=\"lazy\" decoding=\"async\" class=\"alignnone wp-image-45\" src=\"https:\/\/gtes.traperia.com\/wp-content\/uploads\/2016\/06\/stata-300x95.jpg\" alt=\"Descargar formato stata \/ Download Stata format\" width=\"41\" height=\"13\" srcset=\"https:\/\/gtes.traperia.com\/wp-content\/uploads\/2016\/06\/stata-300x95.jpg 300w, https:\/\/gtes.traperia.com\/wp-content\/uploads\/2016\/06\/stata.jpg 400w\" sizes=\"auto, (max-width: 41px) 100vw, 41px\" \/><\/a><\/li>\n<\/ul>","protected":false},"excerpt":{"rendered":"<p>Tarifa Espa\u00f1ola para el SF-6D\/ SF-6D Spanish Tariff Abell\u00e1n JM, S\u00e1nchez FI, Mart\u00ednez JE and M\u00e9ndez I(2012). Lowering the Floor of the SF-6D algorithm using a lottery equivalent method. Health Economics 21, 1271-1285 (Table 5. Mean model) Obtenci\u00f3n de utilidades desde las respuestas al SF-36 v 2.0 y\/o desde estados SF-6D\u00a0\u00a0 Deriving heatlh states utilites &hellip; <\/p>\n<p class=\"link-more\"><a href=\"https:\/\/gtes.traperia.com\/en\/utilidades-sf-6d\/\" class=\"more-link\">Continue reading<span class=\"screen-reader-text\"> \u00abUtilidades SF-6D\u00bb<\/span><\/a><\/p>","protected":false},"author":1,"featured_media":0,"parent":0,"menu_order":0,"comment_status":"closed","ping_status":"closed","template":"template-fullwidth.php","meta":{"footnotes":""},"class_list":["post-38","page","type-page","status-publish","hentry"],"_links":{"self":[{"href":"https:\/\/gtes.traperia.com\/en\/wp-json\/wp\/v2\/pages\/38","targetHints":{"allow":["GET"]}}],"collection":[{"href":"https:\/\/gtes.traperia.com\/en\/wp-json\/wp\/v2\/pages"}],"about":[{"href":"https:\/\/gtes.traperia.com\/en\/wp-json\/wp\/v2\/types\/page"}],"author":[{"embeddable":true,"href":"https:\/\/gtes.traperia.com\/en\/wp-json\/wp\/v2\/users\/1"}],"replies":[{"embeddable":true,"href":"https:\/\/gtes.traperia.com\/en\/wp-json\/wp\/v2\/comments?post=38"}],"version-history":[{"count":5,"href":"https:\/\/gtes.traperia.com\/en\/wp-json\/wp\/v2\/pages\/38\/revisions"}],"predecessor-version":[{"id":236,"href":"https:\/\/gtes.traperia.com\/en\/wp-json\/wp\/v2\/pages\/38\/revisions\/236"}],"wp:attachment":[{"href":"https:\/\/gtes.traperia.com\/en\/wp-json\/wp\/v2\/media?parent=38"}],"curies":[{"name":"wp","href":"https:\/\/api.w.org\/{rel}","templated":true}]}}