{"id":52,"date":"2016-06-05T06:15:13","date_gmt":"2016-06-05T06:15:13","guid":{"rendered":"https:\/\/gtes.traperia.com\/?page_id=52"},"modified":"2016-06-05T06:17:23","modified_gmt":"2016-06-05T06:17:23","slug":"taller-sobre-evaluacion-de-tecnologias-sanitarias-octubre-2007-arrixaca","status":"publish","type":"page","link":"https:\/\/gtes.traperia.com\/en\/talleres-y-seminarios\/taller-sobre-evaluacion-de-tecnologias-sanitarias-octubre-2007-arrixaca\/","title":{"rendered":"Taller sobre evaluaci\u00f3n de tecnolog\u00edas sanitarias. (4, 5 y 29 de Octubre de 2007). Hospital Universitario Virgen de la Arrixaca."},"content":{"rendered":"<p>Si no ha recibido la clave para acceder al material del curso, escr\u00edbanos un e-mail y se la enviaremos.<\/p>\n<ul type=\"square\">\n<li><a href=\"http:\/\/www.um.es\/esyec\/gtes\/material\/talleres\/Checklist_revisada.pdf\">Lista de Chequeo.<\/a><\/li>\n<li><a href=\"http:\/\/www.um.es\/esyec\/gtes\/material\/talleres\/Checklist_guia_de_uso.pdf\">Gu\u00eda de Uso de la Lista de Chequeo<\/a>.<\/li>\n<li><a href=\"http:\/\/www.um.es\/esyec\/gtes\/material\/talleres\/metodos_evaluacion.pdf\">Manual sobre m\u00e9todos de evaluaci\u00f3n econ\u00f3mica<\/a>.<\/li>\n<li><a href=\"http:\/\/www.um.es\/esyec\/gtes\/material\/talleres\/Cuadernos_ICE.pdf\">Evaluaci\u00f3n econ\u00f3mica de tecnolog\u00edas sanitarias \u00bfvalen lo que cuestan? (art\u00edculo).<\/a><\/li>\n<\/ul>","protected":false},"excerpt":{"rendered":"<p>Si no ha recibido la clave para acceder al material del curso, escr\u00edbanos un e-mail y se la enviaremos. Lista de Chequeo. Gu\u00eda de Uso de la Lista de Chequeo. Manual sobre m\u00e9todos de evaluaci\u00f3n econ\u00f3mica. Evaluaci\u00f3n econ\u00f3mica de tecnolog\u00edas sanitarias \u00bfvalen lo que cuestan? (art\u00edculo).<\/p>","protected":false},"author":1,"featured_media":0,"parent":50,"menu_order":0,"comment_status":"closed","ping_status":"closed","template":"","meta":{"footnotes":""},"class_list":["post-52","page","type-page","status-publish","hentry"],"_links":{"self":[{"href":"https:\/\/gtes.traperia.com\/en\/wp-json\/wp\/v2\/pages\/52","targetHints":{"allow":["GET"]}}],"collection":[{"href":"https:\/\/gtes.traperia.com\/en\/wp-json\/wp\/v2\/pages"}],"about":[{"href":"https:\/\/gtes.traperia.com\/en\/wp-json\/wp\/v2\/types\/page"}],"author":[{"embeddable":true,"href":"https:\/\/gtes.traperia.com\/en\/wp-json\/wp\/v2\/users\/1"}],"replies":[{"embeddable":true,"href":"https:\/\/gtes.traperia.com\/en\/wp-json\/wp\/v2\/comments?post=52"}],"version-history":[{"count":1,"href":"https:\/\/gtes.traperia.com\/en\/wp-json\/wp\/v2\/pages\/52\/revisions"}],"predecessor-version":[{"id":53,"href":"https:\/\/gtes.traperia.com\/en\/wp-json\/wp\/v2\/pages\/52\/revisions\/53"}],"up":[{"embeddable":true,"href":"https:\/\/gtes.traperia.com\/en\/wp-json\/wp\/v2\/pages\/50"}],"wp:attachment":[{"href":"https:\/\/gtes.traperia.com\/en\/wp-json\/wp\/v2\/media?parent=52"}],"curies":[{"name":"wp","href":"https:\/\/api.w.org\/{rel}","templated":true}]}}