{"id":74,"date":"2018-12-18T18:44:03","date_gmt":"2018-12-18T18:44:03","guid":{"rendered":"https:\/\/gtes.traperia.com\/?page_id=74"},"modified":"2018-12-18T18:49:05","modified_gmt":"2018-12-18T18:49:05","slug":"about-us","status":"publish","type":"page","link":"https:\/\/gtes.traperia.com\/en\/","title":{"rendered":"About us"},"content":{"rendered":"<p>The Health Economics Workgroup (GTES) is made up of professors from the Department of Applied Economics of the University of Murcia who, for several years, have been developing a fertile research career in the field of economic analysis of health and sanitary system.<\/p>\n<p>These pages collect information about the scientific production, consulting tasks and even teaching activities carried out by the GTES staff over the last five years.<\/p>\n<p>El abanico de temas objeto de estudio por parte del GTES es amplio, avalado por numerosas publicaciones realizadas sobre cuestiones tan diversas como la\u00a0<em>evaluaci\u00f3n econ\u00f3mica de tecnolog\u00edas y programas sanitarios, farmacoeconom\u00eda, valoraci\u00f3n de las preferencias de los pacientes, an\u00e1lisis de la toma de decisiones cl\u00ednicas, construcci\u00f3n de medidas de calidad de vida relacionada con la salud, gu\u00edas de pr\u00e1ctica cl\u00ednica con evidencia coste-efectividad, desarrollo de listas de chequeo (checklist), an\u00e1lisis de las pol\u00edticas de regulaci\u00f3n del mercado farmac\u00e9utico, estudios de costes sanitarios, an\u00e1lisis coste-utilidad y an\u00e1lisis coste-beneficio<\/em>.<\/p>\n<p>La oferta investigadora y de consultor\u00eda del GTES gira en torno a los temas citados, acumulando en particular una gran experiencia en el terreno de la medici\u00f3n de las preferencias (utilidades) de los pacientes y la poblaci\u00f3n general. En este sentido, el GTES desarrolla varios proyectos punteros en el \u00e1rea de la estimaci\u00f3n de medidas de calidad de vida relacionada con la salud como, por ejemplo, el sistema EuroQol (EQ-5D) y el SF-6D. Algunos de los patrocinadores de dichas investigaciones son la\u00a0<em>Fundaci\u00f3n BBVA<\/em>, la\u00a0<em>Fundaci\u00f3n Ram\u00f3n Areces<\/em>\u00a0o la\u00a0<em>Fundaci\u00f3n Centro de Estudios Andaluces<\/em>.<\/p>\n<p>El GTES colabora estrechamente con instituciones nacionales e internacionales en el marco de proyectos que tienen como finalidad la estimaci\u00f3n del valor monetario o social del A\u00f1o de Vida Ajustado por la Calidad (Quality Adjusted Life Year). As\u00ed, algunos de los estudios en curso del GTES persiguen la obtenci\u00f3n de umbrales coste-efectividad basados en la disposici\u00f3n a pagar de la poblaci\u00f3n (valoraci\u00f3n contingente y experimentos de elecci\u00f3n discreta) que posibiliten el c\u00e1lculo del stock de capital-salud de la sociedad.<\/p>\n<p>En estas p\u00e1ginas se ofrece informaci\u00f3n acerca de la oferta investigadora del grupo, los proyectos en curso, as\u00ed como su producci\u00f3n cient\u00edfica en forma de publicaciones.<\/p>","protected":false},"excerpt":{"rendered":"<p>El Grupo de Trabajo en Econom\u00eda de la Salud (GTES) est\u00e1 formado por profesores del Departamento de Econom\u00eda Aplicada de la Universidad de Murcia que, desde hace varios a\u00f1os, vienen desarrollando una f\u00e9rtil carrera investigadora en el \u00e1mbito del an\u00e1lisis econ\u00f3mico de la salud y el sistema sanitario. En estas p\u00e1ginas se recoge informaci\u00f3n acerca &hellip; <\/p>\n<p class=\"link-more\"><a href=\"https:\/\/gtes.traperia.com\/en\/\" class=\"more-link\">Continue reading<span class=\"screen-reader-text\"> \u00abAbout us\u00bb<\/span><\/a><\/p>","protected":false},"author":1,"featured_media":0,"parent":0,"menu_order":0,"comment_status":"closed","ping_status":"closed","template":"","meta":{"footnotes":""},"class_list":["post-74","page","type-page","status-publish","hentry"],"_links":{"self":[{"href":"https:\/\/gtes.traperia.com\/en\/wp-json\/wp\/v2\/pages\/74","targetHints":{"allow":["GET"]}}],"collection":[{"href":"https:\/\/gtes.traperia.com\/en\/wp-json\/wp\/v2\/pages"}],"about":[{"href":"https:\/\/gtes.traperia.com\/en\/wp-json\/wp\/v2\/types\/page"}],"author":[{"embeddable":true,"href":"https:\/\/gtes.traperia.com\/en\/wp-json\/wp\/v2\/users\/1"}],"replies":[{"embeddable":true,"href":"https:\/\/gtes.traperia.com\/en\/wp-json\/wp\/v2\/comments?post=74"}],"version-history":[{"count":1,"href":"https:\/\/gtes.traperia.com\/en\/wp-json\/wp\/v2\/pages\/74\/revisions"}],"predecessor-version":[{"id":75,"href":"https:\/\/gtes.traperia.com\/en\/wp-json\/wp\/v2\/pages\/74\/revisions\/75"}],"wp:attachment":[{"href":"https:\/\/gtes.traperia.com\/en\/wp-json\/wp\/v2\/media?parent=74"}],"curies":[{"name":"wp","href":"https:\/\/api.w.org\/{rel}","templated":true}]}}