{"id":78,"date":"2018-12-18T18:46:16","date_gmt":"2018-12-18T18:46:16","guid":{"rendered":"https:\/\/gtes.traperia.com\/?page_id=78"},"modified":"2019-12-05T16:17:02","modified_gmt":"2019-12-05T16:17:02","slug":"miembros","status":"publish","type":"page","link":"https:\/\/gtes.traperia.com\/en\/miembros\/","title":{"rendered":"Members"},"content":{"rendered":"<p><a href=\"https:\/\/gtes.traperia.com\/wp-content\/uploads\/2015\/12\/bll_cuadrado.jpg\"><img loading=\"lazy\" decoding=\"async\" class=\"wp-image-10 alignleft\" src=\"https:\/\/gtes.traperia.com\/wp-content\/uploads\/2015\/12\/bll_cuadrado-300x300.jpg\" alt=\"\" width=\"150\" height=\"150\" srcset=\"https:\/\/gtes.traperia.com\/wp-content\/uploads\/2015\/12\/bll_cuadrado-300x300.jpg 300w, https:\/\/gtes.traperia.com\/wp-content\/uploads\/2015\/12\/bll_cuadrado-150x150.jpg 150w, https:\/\/gtes.traperia.com\/wp-content\/uploads\/2015\/12\/bll_cuadrado-250x250.jpg 250w, https:\/\/gtes.traperia.com\/wp-content\/uploads\/2015\/12\/bll_cuadrado-174x174.jpg 174w, https:\/\/gtes.traperia.com\/wp-content\/uploads\/2015\/12\/bll_cuadrado.jpg 600w\" sizes=\"auto, (max-width: 150px) 100vw, 150px\" \/><\/a><strong>Jos\u00e9 Mar\u00eda Abell\u00e1n Perpi\u00f1\u00e1n<\/strong> &#8230; asdasdfasd asdfasdfasd asdf asdfasd fasdfasdf as asdf asd fasd asd fasd fasdfasdfas dfasd asd fasd fasdf asdf asd fasd asd fasd fasd fasdf as asdf asdf asd fasd fasdf asd fas dasf asdf asd asd asd fasdf asdf asd fasdf asdf asdfasdfasdfasd fasd asdfasdfasd fasdfasdfasdf as asdf asd as asdfasdfa sasdfasdfasd fasdf as asdfas fasdf asdf asdfasd fasdf asd\u00f1 lkja\u00f1sdlkfj \u00f1asdl \u00f1ljf\u00f1als d\u00f1las \u00f1laksdjf\u00f1 la\u00f1lksjf \u00f1l \u00f1lj\u00f1lasdj \u00f1lkajsd\u00f1fl \u00f1lkajs\u00f1l \u00f1laskjd\u00f1 \u00f1 asd\u00f1flj \u00f1lks<\/p>\n<p><a href=\"https:\/\/gtes.traperia.com\/wp-content\/uploads\/2015\/12\/jorge_martinez-e1404981130935.jpg\"><img loading=\"lazy\" decoding=\"async\" class=\"wp-image-12 alignleft\" src=\"https:\/\/gtes.traperia.com\/wp-content\/uploads\/2015\/12\/jorge_martinez-e1404981130935-300x300.jpg\" alt=\"Jorge Eduardo Mart\u00ednez P\u00e9rez\" width=\"150\" height=\"150\" srcset=\"https:\/\/gtes.traperia.com\/wp-content\/uploads\/2015\/12\/jorge_martinez-e1404981130935-300x300.jpg 300w, https:\/\/gtes.traperia.com\/wp-content\/uploads\/2015\/12\/jorge_martinez-e1404981130935-150x150.jpg 150w, https:\/\/gtes.traperia.com\/wp-content\/uploads\/2015\/12\/jorge_martinez-e1404981130935-250x250.jpg 250w, https:\/\/gtes.traperia.com\/wp-content\/uploads\/2015\/12\/jorge_martinez-e1404981130935-174x174.jpg 174w, https:\/\/gtes.traperia.com\/wp-content\/uploads\/2015\/12\/jorge_martinez-e1404981130935.jpg 818w\" sizes=\"auto, (max-width: 150px) 100vw, 150px\" \/><\/a><\/p>\n<p><strong>Jorge Eduardo Mart\u00ednez P\u00e9rez<\/strong> &#8230;\u00a0asdasdfasd asdfasdfasd asdf asdfasd fasdfasdf as asdf asd fasd asd fasd fasdfasdfas dfasd asd fasd fasdf asdf asd fasd asd fasd fasd fasdf as asdf asdf asd fasd fasdf asd fas dasf asdf asd asd asd fasdf asdf asd fasdf asdf asdfasdfasdfasd fasd asdfasdfasd fasdfasdfasdf as asdf asd as asdfasdfa sasdfasdfasd fasdf as asdfas fasdf asdf asdfasd fasdf asd\u00f1 lkja\u00f1sdlkfj \u00f1asdl \u00f1ljf\u00f1als d\u00f1las \u00f1laksdjf\u00f1 la\u00f1lksjf \u00f1l \u00f1lj\u00f1lasdj \u00f1lkajsd\u00f1fl \u00f1lkajs\u00f1l \u00f1laskjd\u00f1 \u00f1 asd\u00f1flj \u00f1lks<\/p>\n<p><a href=\"https:\/\/gtes.traperia.com\/wp-content\/uploads\/2018\/12\/fernando-sanchez-2.jpg\"><img loading=\"lazy\" decoding=\"async\" class=\"wp-image-153 alignleft\" src=\"https:\/\/gtes.traperia.com\/wp-content\/uploads\/2018\/12\/fernando-sanchez-2-286x300.jpg\" alt=\"\" width=\"151\" height=\"158\" srcset=\"https:\/\/gtes.traperia.com\/wp-content\/uploads\/2018\/12\/fernando-sanchez-2-286x300.jpg 286w, https:\/\/gtes.traperia.com\/wp-content\/uploads\/2018\/12\/fernando-sanchez-2.jpg 698w\" sizes=\"auto, (max-width: 151px) 100vw, 151px\" \/><\/a><\/p>\n<p><strong>Fernando Ignacio S\u00e1nchez Mart\u00ednez<\/strong> es\u00a0Doctor en Ciencias Econ\u00f3micas y Empresariales y Profesor Titular del <a href=\"https:\/\/www.um.es\/web\/econ-aplicada\/\">Departamento de Econom\u00eda aplicada<\/a> de la Universidad de Murcia. Investigador principal del Grupo de investigaci\u00f3n en Econom\u00eda de la salud y evaluaci\u00f3n econ\u00f3mica, participa regularmente en proyectos de investigaci\u00f3n competitivos y en contratos de investigaci\u00f3n con instituciones p\u00fablicas y privadas. Ha publicado numerosos art\u00edculos en las principales revistas de la especialidad, tanto nacionales como internacionales, as\u00ed como diversas monograf\u00edas sobre el sistema sanitario, la evaluaci\u00f3n econ\u00f3mica de tecnolog\u00edas sanitarias y la medici\u00f3n de la calidad de vida relacionada con la salud. Dos de los art\u00edculos de su coautor\u00eda fueron premiados por la Asociaci\u00f3n de Econom\u00eda de la Salud como los mejores art\u00edculos publicados en los a\u00f1os 2012 y 2016, respectivamente. Recientemente ha formado parte del equipo redactor del informe referido a Espa\u00f1a de la serie <em>Health systems in transition<\/em> (<a href=\"http:\/\/www.euro.who.int\/en\/about-us\/partners\/observatory\/publications\/health-system-reviews-hits\/full-list-of-country-hits\/spain-hit-2018\">HiT<\/a>), editada por el Observatorio Europeo de Pol\u00edticas y Sistemas Sanitarios de la Organizaci\u00f3n Mundial de la Salud. En la actualidad coordina el Programa de Doctorado en Econom\u00eda Interuniversitario, <a href=\"http:\/\/doctoradodecide.com\/\">DEcIDE<\/a>, en el que participan cinco universidades p\u00fablicas de nuestro pa\u00eds. Es Vicepresidente primero de la Asociaci\u00f3n de Econom\u00eda de la Salud, <a href=\"http:\/\/www.aes.es\/\">AES<\/a> y colabora como miembro asesor en el Comit\u00e9 Regional de Evaluaci\u00f3n de Tecnolog\u00edas Sanitarias de la Regi\u00f3n de Murcia.<\/p>","protected":false},"excerpt":{"rendered":"<p>Jos\u00e9 Mar\u00eda Abell\u00e1n Perpi\u00f1\u00e1n &#8230; asdasdfasd asdfasdfasd asdf asdfasd fasdfasdf as asdf asd fasd asd fasd fasdfasdfas dfasd asd fasd fasdf asdf asd fasd asd fasd fasd fasdf as asdf asdf asd fasd fasdf asd fas dasf asdf asd asd asd fasdf asdf asd fasdf asdf asdfasdfasdfasd fasd asdfasdfasd fasdfasdfasdf as asdf asd as asdfasdfa &hellip; <\/p>\n<p class=\"link-more\"><a href=\"https:\/\/gtes.traperia.com\/en\/miembros\/\" class=\"more-link\">Continue reading<span class=\"screen-reader-text\"> \u00abMiembros\u00bb<\/span><\/a><\/p>","protected":false},"author":1,"featured_media":0,"parent":0,"menu_order":0,"comment_status":"closed","ping_status":"closed","template":"","meta":{"footnotes":""},"class_list":["post-78","page","type-page","status-publish","hentry"],"_links":{"self":[{"href":"https:\/\/gtes.traperia.com\/en\/wp-json\/wp\/v2\/pages\/78","targetHints":{"allow":["GET"]}}],"collection":[{"href":"https:\/\/gtes.traperia.com\/en\/wp-json\/wp\/v2\/pages"}],"about":[{"href":"https:\/\/gtes.traperia.com\/en\/wp-json\/wp\/v2\/types\/page"}],"author":[{"embeddable":true,"href":"https:\/\/gtes.traperia.com\/en\/wp-json\/wp\/v2\/users\/1"}],"replies":[{"embeddable":true,"href":"https:\/\/gtes.traperia.com\/en\/wp-json\/wp\/v2\/comments?post=78"}],"version-history":[{"count":10,"href":"https:\/\/gtes.traperia.com\/en\/wp-json\/wp\/v2\/pages\/78\/revisions"}],"predecessor-version":[{"id":244,"href":"https:\/\/gtes.traperia.com\/en\/wp-json\/wp\/v2\/pages\/78\/revisions\/244"}],"wp:attachment":[{"href":"https:\/\/gtes.traperia.com\/en\/wp-json\/wp\/v2\/media?parent=78"}],"curies":[{"name":"wp","href":"https:\/\/api.w.org\/{rel}","templated":true}]}}